{"id":2900,"date":"2022-01-27T12:03:31","date_gmt":"2022-01-27T11:03:31","guid":{"rendered":"https:\/\/ckcpr.fr\/?page_id=2900"},"modified":"2026-04-13T18:39:04","modified_gmt":"2026-04-13T16:39:04","slug":"location-a-pont-rean-mai-septembre","status":"publish","type":"page","link":"https:\/\/ckcpr.fr\/location-a-pont-rean","title":{"rendered":"Location \u00e0 Pont-R\u00e9an"},"content":{"rendered":"\t\t<div data-elementor-type=\"wp-page\" data-elementor-id=\"2900\" class=\"elementor elementor-2900\">\n\t\t\t\t\t\t<section class=\"elementor-section elementor-top-section elementor-element elementor-element-a22d439 elementor-section-stretched elementor-section-boxed elementor-section-height-default elementor-section-height-default\" data-id=\"a22d439\" data-element_type=\"section\" data-e-type=\"section\" data-settings=\"{&quot;stretch_section&quot;:&quot;section-stretched&quot;}\">\n\t\t\t\t\t\t<div class=\"elementor-container elementor-column-gap-default\">\n\t\t\t\t\t<div class=\"elementor-column elementor-col-100 elementor-top-column elementor-element elementor-element-b84a807\" data-id=\"b84a807\" data-element_type=\"column\" data-e-type=\"column\" data-settings=\"{&quot;background_background&quot;:&quot;classic&quot;}\">\n\t\t\t<div class=\"elementor-widget-wrap elementor-element-populated\">\n\t\t\t\t\t<div class=\"elementor-background-overlay\"><\/div>\n\t\t\t\t\t\t<div class=\"elementor-element elementor-element-b6b9848 elementor-widget elementor-widget-spacer\" data-id=\"b6b9848\" data-element_type=\"widget\" data-e-type=\"widget\" data-widget_type=\"spacer.default\">\n\t\t\t\t<div class=\"elementor-widget-container\">\n\t\t\t\t\t\t\t<div class=\"elementor-spacer\">\n\t\t\t<div class=\"elementor-spacer-inner\"><\/div>\n\t\t<\/div>\n\t\t\t\t\t\t<\/div>\n\t\t\t\t<\/div>\n\t\t\t\t<div class=\"elementor-element elementor-element-7052248 elementor-widget__width-initial elementor-widget elementor-widget-heading\" data-id=\"7052248\" data-element_type=\"widget\" data-e-type=\"widget\" data-widget_type=\"heading.default\">\n\t\t\t\t<div class=\"elementor-widget-container\">\n\t\t\t\t\t<h2 class=\"elementor-heading-title elementor-size-default\">Location Canoe Kayak Pont Rean<\/h2>\t\t\t\t<\/div>\n\t\t\t\t<\/div>\n\t\t\t\t<div class=\"elementor-element elementor-element-711c266 elementor-widget elementor-widget-text-editor\" data-id=\"711c266\" data-element_type=\"widget\" data-e-type=\"widget\" data-widget_type=\"text-editor.default\">\n\t\t\t\t<div class=\"elementor-widget-container\">\n\t\t\t\t\t\t\t\t\t<p>R\u00e9servation en 3 \u00e9tapes : choisissez votre date, s\u00e9lectionnez votre formule, puis choisissez votre embarcation.<\/p>\t\t\t\t\t\t\t\t<\/div>\n\t\t\t\t<\/div>\n\t\t\t\t<div class=\"elementor-element elementor-element-cdb2bac elementor-widget elementor-widget-spacer\" data-id=\"cdb2bac\" data-element_type=\"widget\" data-e-type=\"widget\" data-widget_type=\"spacer.default\">\n\t\t\t\t<div class=\"elementor-widget-container\">\n\t\t\t\t\t\t\t<div class=\"elementor-spacer\">\n\t\t\t<div class=\"elementor-spacer-inner\"><\/div>\n\t\t<\/div>\n\t\t\t\t\t\t<\/div>\n\t\t\t\t<\/div>\n\t\t\t\t\t<\/div>\n\t\t<\/div>\n\t\t\t\t\t<\/div>\n\t\t<\/section>\n\t\t\t\t<section class=\"elementor-section elementor-top-section elementor-element elementor-element-6d1809b elementor-section-boxed elementor-section-height-default elementor-section-height-default\" data-id=\"6d1809b\" data-element_type=\"section\" data-e-type=\"section\">\n\t\t\t\t\t\t<div class=\"elementor-container elementor-column-gap-default\">\n\t\t\t\t\t<div class=\"elementor-column elementor-col-100 elementor-top-column elementor-element elementor-element-6e04e06\" data-id=\"6e04e06\" data-element_type=\"column\" data-e-type=\"column\" data-settings=\"{&quot;background_background&quot;:&quot;classic&quot;}\">\n\t\t\t<div class=\"elementor-widget-wrap elementor-element-populated\">\n\t\t\t\t\t\t<section class=\"elementor-section elementor-inner-section elementor-element elementor-element-886f116 elementor-section-boxed elementor-section-height-default elementor-section-height-default\" data-id=\"886f116\" data-element_type=\"section\" data-e-type=\"section\">\n\t\t\t\t\t\t<div class=\"elementor-container elementor-column-gap-default\">\n\t\t\t\t\t<div class=\"elementor-column elementor-col-50 elementor-inner-column elementor-element elementor-element-ac2bdc2\" data-id=\"ac2bdc2\" data-element_type=\"column\" data-e-type=\"column\">\n\t\t\t<div class=\"elementor-widget-wrap elementor-element-populated\">\n\t\t\t\t\t\t<div class=\"elementor-element elementor-element-f23d977 elementor-widget elementor-widget-image\" data-id=\"f23d977\" data-element_type=\"widget\" data-e-type=\"widget\" data-widget_type=\"image.default\">\n\t\t\t\t<div class=\"elementor-widget-container\">\n\t\t\t\t\t\t\t\t\t\t\t\t\t\t\t<img fetchpriority=\"high\" decoding=\"async\" width=\"300\" height=\"177\" src=\"https:\/\/ckcpr.fr\/wp-content\/uploads\/2026\/04\/Aventures-Nautik-logo-couleur1-300x177.png\" class=\"attachment-medium size-medium wp-image-15136\" alt=\"\" srcset=\"https:\/\/ckcpr.fr\/wp-content\/uploads\/2026\/04\/Aventures-Nautik-logo-couleur1-300x177.png 300w, https:\/\/ckcpr.fr\/wp-content\/uploads\/2026\/04\/Aventures-Nautik-logo-couleur1-1024x604.png 1024w, https:\/\/ckcpr.fr\/wp-content\/uploads\/2026\/04\/Aventures-Nautik-logo-couleur1-768x453.png 768w, https:\/\/ckcpr.fr\/wp-content\/uploads\/2026\/04\/Aventures-Nautik-logo-couleur1-1536x906.png 1536w, https:\/\/ckcpr.fr\/wp-content\/uploads\/2026\/04\/Aventures-Nautik-logo-couleur1-600x354.png 600w, https:\/\/ckcpr.fr\/wp-content\/uploads\/2026\/04\/Aventures-Nautik-logo-couleur1.png 1737w\" sizes=\"(max-width: 300px) 100vw, 300px\" \/>\t\t\t\t\t\t\t\t\t\t\t\t\t\t\t<\/div>\n\t\t\t\t<\/div>\n\t\t\t\t\t<\/div>\n\t\t<\/div>\n\t\t\t\t<div class=\"elementor-column elementor-col-50 elementor-inner-column elementor-element elementor-element-2542983\" data-id=\"2542983\" data-element_type=\"column\" data-e-type=\"column\">\n\t\t\t<div class=\"elementor-widget-wrap elementor-element-populated\">\n\t\t\t\t\t\t<div class=\"elementor-element elementor-element-5865e90 elementor-widget elementor-widget-html\" data-id=\"5865e90\" data-element_type=\"widget\" data-e-type=\"widget\" data-widget_type=\"html.default\">\n\t\t\t\t<div class=\"elementor-widget-container\">\n\t\t\t\t\t<div id=\"ConstellationWidgetContainer857b1368-a9bc-4c16-a0a6-730b75b4e64c\" style=\"width:100%\" title=\"Cano&#235;-Kayak Club de Pont-R&#233;an\" data-id-projet='857b1368a9bc4c16a0a6730b75b4e64c'>Chargement en cours...<\/div><script type=\"text\/javascript\" src=\"https:\/\/reservation.elloha.com\/Scripts\/widget-loader.min.js?v=42\"><\/script><script type=\"text\/javascript\">var constellationWidgetUrl857b1368a9bc4c16a0a6730b75b4e64c, constellationTypeModule857b1368a9bc4c16a0a6730b75b4e64c; constellationWidgetUrl857b1368a9bc4c16a0a6730b75b4e64c = 'https:\/\/reservation.elloha.com\/Widget\/BookingEngine\/857b1368-a9bc-4c16-a0a6-730b75b4e64c?idoi=2308b18c-687d-429e-91be-0ec68686c42e&culture=fr-FR'; constellationTypeModule857b1368a9bc4c16a0a6730b75b4e64c=1; constellationWidgetLoad('ConstellationWidgetContainer857b1368-a9bc-4c16-a0a6-730b75b4e64c'); constellationWidgetAddEvent(window, \"resize\", function () { constellationWidgetSetAppearance('ConstellationWidgetContainer857b1368-a9bc-4c16-a0a6-730b75b4e64c'); });<\/script>\t\t\t\t<\/div>\n\t\t\t\t<\/div>\n\t\t\t\t\t<\/div>\n\t\t<\/div>\n\t\t\t\t\t<\/div>\n\t\t<\/section>\n\t\t\t\t\t<\/div>\n\t\t<\/div>\n\t\t\t\t\t<\/div>\n\t\t<\/section>\n\t\t\t\t<section class=\"elementor-section elementor-top-section elementor-element elementor-element-ee5ad49 elementor-section-stretched elementor-section-boxed elementor-section-height-default elementor-section-height-default\" data-id=\"ee5ad49\" data-element_type=\"section\" data-e-type=\"section\" data-settings=\"{&quot;stretch_section&quot;:&quot;section-stretched&quot;}\">\n\t\t\t\t\t\t<div class=\"elementor-container elementor-column-gap-default\">\n\t\t\t\t\t<div class=\"elementor-column elementor-col-100 elementor-top-column elementor-element elementor-element-06aabb9\" data-id=\"06aabb9\" data-element_type=\"column\" data-e-type=\"column\">\n\t\t\t<div class=\"elementor-widget-wrap elementor-element-populated\">\n\t\t\t\t\t\t<div class=\"elementor-element elementor-element-62888dd elementor-widget elementor-widget-heading\" data-id=\"62888dd\" data-element_type=\"widget\" data-e-type=\"widget\" data-widget_type=\"heading.default\">\n\t\t\t\t<div class=\"elementor-widget-container\">\n\t\t\t\t\t<h4 class=\"elementor-heading-title elementor-size-default\">Nos Formules<\/h4>\t\t\t\t<\/div>\n\t\t\t\t<\/div>\n\t\t\t\t<div class=\"elementor-element elementor-element-861ea73 elementor-widget elementor-widget-ckcpr_page_grid\" data-id=\"861ea73\" data-element_type=\"widget\" data-e-type=\"widget\" data-widget_type=\"ckcpr_page_grid.default\">\n\t\t\t\t<div class=\"elementor-widget-container\">\n\t\t\t\t\t<div class=\"ckcpr-grid\" style=\"--ckcpr-hover:1.05;\"><a href=\"https:\/\/ckcpr.fr\/index.php\/ride-n-crepes\/\" class=\"ckcpr-item\" style=\"background-image:url(https:\/\/ckcpr.fr\/wp-content\/uploads\/2026\/04\/ride-n-crepe.png)\"><div class=\"ckcpr-overlay\" style=\"color:#fff\"><div class=\"ckcpr-title\">Ride N&#039; Cr\u00eape<\/div><div class=\"ckcpr-desc\">balade nautique vers le Bo\u00ebl et faites une petite pause gourmande \u00e0 la Cr\u00eaperie du Moulin au Bo\u00ebl.\n\n<\/div><\/div><\/a><a href=\"https:\/\/ckcpr.fr\/index.php\/ride-n-drink\/\" class=\"ckcpr-item\" style=\"background-image:url(https:\/\/ckcpr.fr\/wp-content\/uploads\/2026\/04\/choque.jpg)\"><div class=\"ckcpr-overlay\" style=\"color:#fff\"><div class=\"ckcpr-title\">Ride N&#039; Drink<\/div><div class=\"ckcpr-desc\">Partez pour iles sauvages et faites une petite pause rafraichissante \u00e0 la la brasserie choque<\/div><\/div><\/a><a href=\"https:\/\/ckcpr.fr\/index.php\/balade-decouverte-pont-rean\/\" class=\"ckcpr-item small\" style=\"background-image:url(https:\/\/ckcpr.fr\/wp-content\/uploads\/2026\/04\/img_9382-small.jpg)\"><div class=\"ckcpr-overlay\" style=\"color:#fff\"><div class=\"ckcpr-title\">Balade D\u00e9couverte<\/div><div class=\"ckcpr-desc\">Descente libre en cano\u00eb, en kayak<\/div><\/div><\/a><a href=\"https:\/\/ckcpr.fr\/index.php\/anniversaire-pirate-7-12-ans\/\" class=\"ckcpr-item small\" style=\"background-image:url(https:\/\/ckcpr.fr\/wp-content\/uploads\/2026\/04\/img2278-1.jpg)\"><div class=\"ckcpr-overlay\" style=\"color:#fff\"><div class=\"ckcpr-title\">Anniversaire Pirate 7-12 ANS<\/div><div class=\"ckcpr-desc\"><\/div><\/div><\/a><\/div>\r\n            <style>\r\n                .ckcpr-grid {\r\n                    display: grid;\r\n                    grid-template-columns: repeat(4, 1fr);\r\n                    gap: 20px;\r\n                }\r\n\r\n                .ckcpr-item {\r\n                    position: relative;\r\n                    min-height: 300px;\r\n                    background-size: cover;\r\n                    background-position: center;\r\n                    transition: transform 0.3s ease;\r\n                    overflow: hidden;\r\n                }\r\n\r\n                .ckcpr-item.small {\r\n                    min-height: 145px;\r\n                }\r\n\r\n                .ckcpr-item:hover {\r\n                    transform: scale(var(--ckcpr-hover, 1.05));\r\n                }\r\n\r\n                .ckcpr-overlay {\r\n                    position: absolute;\r\n                    bottom: 0;\r\n                    left: 0;\r\n                    padding: 20px;\r\n                    width: 100%;\r\n                    background: linear-gradient(to top, rgba(0,0,0,0.5), transparent);\r\n                }\r\n\r\n                .ckcpr-title {\r\n                    font-weight: bold;\r\n                }\r\n\r\n                .ckcpr-desc {\r\n                    font-size: 14px;\r\n                }\r\n\r\n                \/* ================= TABLETTE ================= *\/\r\n                @media (max-width: 1024px) {\r\n                    .ckcpr-grid {\r\n                        grid-template-columns: repeat(2, 1fr);\r\n                    }\r\n\r\n                    .ckcpr-item,\r\n                    .ckcpr-item.small {\r\n                        min-height: 220px;\r\n                    }\r\n                }\r\n\r\n                \/* ================= MOBILE ================= *\/\r\n                @media (max-width: 767px) {\r\n                    .ckcpr-grid {\r\n                        grid-template-columns: 1fr;\r\n                    }\r\n\r\n                    .ckcpr-item,\r\n                    .ckcpr-item.small {\r\n                        min-height: 200px;\r\n                    }\r\n\r\n                    .ckcpr-overlay {\r\n                        padding: 15px;\r\n                    }\r\n                }\r\n            <\/style>\r\n\r\n            \t\t\t\t<\/div>\n\t\t\t\t<\/div>\n\t\t\t\t\t<\/div>\n\t\t<\/div>\n\t\t\t\t\t<\/div>\n\t\t<\/section>\n\t\t\t\t<\/div>\n\t\t","protected":false},"excerpt":{"rendered":"<p>Location Canoe Kayak Pont Rean R\u00e9servation en 3 \u00e9tapes : choisissez votre date, s\u00e9lectionnez votre formule, puis choisissez votre embarcation. Chargement en cours&#8230; Nos Formules Ride N&#039; Cr\u00eapebalade nautique vers le Bo\u00ebl et faites une petite pause gourmande \u00e0 la Cr\u00eaperie du Moulin au Bo\u00ebl. Ride N&#039; DrinkPartez pour iles sauvages et faites une petite [&hellip;]<\/p>\n","protected":false},"author":1,"featured_media":10480,"parent":0,"menu_order":0,"comment_status":"closed","ping_status":"closed","template":"","meta":{"site-sidebar-layout":"no-sidebar","site-content-layout":"page-builder","ast-site-content-layout":"full-width-container","site-content-style":"unboxed","site-sidebar-style":"unboxed","ast-global-header-display":"","ast-banner-title-visibility":"","ast-main-header-display":"","ast-hfb-above-header-display":"","ast-hfb-below-header-display":"","ast-hfb-mobile-header-display":"","site-post-title":"disabled","ast-breadcrumbs-content":"","ast-featured-img":"disabled","footer-sml-layout":"","ast-disable-related-posts":"","theme-transparent-header-meta":"","adv-header-id-meta":"","stick-header-meta":"","header-above-stick-meta":"","header-main-stick-meta":"","header-below-stick-meta":"","astra-migrate-meta-layouts":"set","ast-page-background-enabled":"default","ast-page-background-meta":{"desktop":{"background-color":"","background-image":"","background-repeat":"repeat","background-position":"center center","background-size":"auto","background-attachment":"scroll","background-type":"","background-media":"","overlay-type":"","overlay-color":"","overlay-opacity":"","overlay-gradient":""},"tablet":{"background-color":"","background-image":"","background-repeat":"repeat","background-position":"center center","background-size":"auto","background-attachment":"scroll","background-type":"","background-media":"","overlay-type":"","overlay-color":"","overlay-opacity":"","overlay-gradient":""},"mobile":{"background-color":"","background-image":"","background-repeat":"repeat","background-position":"center center","background-size":"auto","background-attachment":"scroll","background-type":"","background-media":"","overlay-type":"","overlay-color":"","overlay-opacity":"","overlay-gradient":""}},"ast-content-background-meta":{"desktop":{"background-color":"var(--ast-global-color-5)","background-image":"","background-repeat":"repeat","background-position":"center center","background-size":"auto","background-attachment":"scroll","background-type":"","background-media":"","overlay-type":"","overlay-color":"","overlay-opacity":"","overlay-gradient":""},"tablet":{"background-color":"var(--ast-global-color-5)","background-image":"","background-repeat":"repeat","background-position":"center center","background-size":"auto","background-attachment":"scroll","background-type":"","background-media":"","overlay-type":"","overlay-color":"","overlay-opacity":"","overlay-gradient":""},"mobile":{"background-color":"var(--ast-global-color-5)","background-image":"","background-repeat":"repeat","background-position":"center center","background-size":"auto","background-attachment":"scroll","background-type":"","background-media":"","overlay-type":"","overlay-color":"","overlay-opacity":"","overlay-gradient":""}},"footnotes":""},"class_list":["post-2900","page","type-page","status-publish","has-post-thumbnail","hentry"],"yoast_head":"<!-- This site is optimized with the Yoast SEO plugin v27.4 - https:\/\/yoast.com\/product\/yoast-seo-wordpress\/ -->\n<title>Location \u00e0 Pont-R\u00e9an - Cano\u00eb-Kayak Club de Pont-R\u00e9an<\/title>\n<meta name=\"description\" content=\"Location cano\u00eb, kayak, paddle... Pont-R\u00e9an d\u00e8s mai\u202f! D\u00e9part de la maison \u00e9clusi\u00e8re. Balades pour tous,en famille ou entre amis. R\u00e9servez votre aventure\u202f!\" \/>\n<meta name=\"robots\" content=\"index, follow, max-snippet:-1, max-image-preview:large, max-video-preview:-1\" \/>\n<link rel=\"canonical\" href=\"https:\/\/ckcpr.fr\/location-a-pont-rean\/\" \/>\n<meta property=\"og:locale\" content=\"fr_FR\" \/>\n<meta property=\"og:type\" content=\"article\" \/>\n<meta property=\"og:title\" content=\"Location \u00e0 Pont-R\u00e9an - Cano\u00eb-Kayak Club de Pont-R\u00e9an\" \/>\n<meta property=\"og:description\" content=\"Location cano\u00eb, kayak, paddle... Pont-R\u00e9an d\u00e8s mai\u202f! D\u00e9part de la maison \u00e9clusi\u00e8re. Balades pour tous,en famille ou entre amis. R\u00e9servez votre aventure\u202f!\" \/>\n<meta property=\"og:url\" content=\"https:\/\/ckcpr.fr\/location-a-pont-rean\/\" \/>\n<meta property=\"og:site_name\" content=\"Cano\u00eb-Kayak Club de Pont-R\u00e9an\" \/>\n<meta property=\"article:modified_time\" content=\"2026-04-13T16:39:04+00:00\" \/>\n<meta property=\"og:image\" content=\"https:\/\/ckcpr.fr\/wp-content\/uploads\/2022\/07\/Photos_ckcpr_classique-3-scaled.jpg\" \/>\n\t<meta property=\"og:image:width\" content=\"2560\" \/>\n\t<meta property=\"og:image:height\" content=\"1439\" \/>\n\t<meta property=\"og:image:type\" content=\"image\/jpeg\" \/>\n<meta name=\"twitter:label1\" content=\"Dur\u00e9e de lecture estim\u00e9e\" \/>\n\t<meta name=\"twitter:data1\" content=\"2 minutes\" \/>\n<script type=\"application\/ld+json\" class=\"yoast-schema-graph\">{\"@context\":\"https:\\\/\\\/schema.org\",\"@graph\":[{\"@type\":\"WebPage\",\"@id\":\"https:\\\/\\\/ckcpr.fr\\\/location-a-pont-rean\\\/\",\"url\":\"https:\\\/\\\/ckcpr.fr\\\/location-a-pont-rean\\\/\",\"name\":\"Location \u00e0 Pont-R\u00e9an - Cano\u00eb-Kayak Club de Pont-R\u00e9an\",\"isPartOf\":{\"@id\":\"https:\\\/\\\/ckcpr.fr\\\/#website\"},\"primaryImageOfPage\":{\"@id\":\"https:\\\/\\\/ckcpr.fr\\\/location-a-pont-rean\\\/#primaryimage\"},\"image\":{\"@id\":\"https:\\\/\\\/ckcpr.fr\\\/location-a-pont-rean\\\/#primaryimage\"},\"thumbnailUrl\":\"https:\\\/\\\/ckcpr.fr\\\/wp-content\\\/uploads\\\/2022\\\/07\\\/Photos_ckcpr_classique-3-scaled.jpg\",\"datePublished\":\"2022-01-27T11:03:31+00:00\",\"dateModified\":\"2026-04-13T16:39:04+00:00\",\"description\":\"Location cano\u00eb, kayak, paddle... Pont-R\u00e9an d\u00e8s mai\u202f! D\u00e9part de la maison \u00e9clusi\u00e8re. Balades pour tous,en famille ou entre amis. R\u00e9servez votre aventure\u202f!\",\"breadcrumb\":{\"@id\":\"https:\\\/\\\/ckcpr.fr\\\/location-a-pont-rean\\\/#breadcrumb\"},\"inLanguage\":\"fr-FR\",\"potentialAction\":[{\"@type\":\"ReadAction\",\"target\":[\"https:\\\/\\\/ckcpr.fr\\\/location-a-pont-rean\\\/\"]}]},{\"@type\":\"ImageObject\",\"inLanguage\":\"fr-FR\",\"@id\":\"https:\\\/\\\/ckcpr.fr\\\/location-a-pont-rean\\\/#primaryimage\",\"url\":\"https:\\\/\\\/ckcpr.fr\\\/wp-content\\\/uploads\\\/2022\\\/07\\\/Photos_ckcpr_classique-3-scaled.jpg\",\"contentUrl\":\"https:\\\/\\\/ckcpr.fr\\\/wp-content\\\/uploads\\\/2022\\\/07\\\/Photos_ckcpr_classique-3-scaled.jpg\",\"width\":2560,\"height\":1439},{\"@type\":\"BreadcrumbList\",\"@id\":\"https:\\\/\\\/ckcpr.fr\\\/location-a-pont-rean\\\/#breadcrumb\",\"itemListElement\":[{\"@type\":\"ListItem\",\"position\":1,\"name\":\"Accueil\",\"item\":\"https:\\\/\\\/ckcpr.fr\\\/\"},{\"@type\":\"ListItem\",\"position\":2,\"name\":\"Location \u00e0 Pont-R\u00e9an\"}]},{\"@type\":\"WebSite\",\"@id\":\"https:\\\/\\\/ckcpr.fr\\\/#website\",\"url\":\"https:\\\/\\\/ckcpr.fr\\\/\",\"name\":\"Cano\u00eb-Kayak Club de Pont-R\u00e9an\",\"description\":\"\",\"publisher\":{\"@id\":\"https:\\\/\\\/ckcpr.fr\\\/#organization\"},\"potentialAction\":[{\"@type\":\"SearchAction\",\"target\":{\"@type\":\"EntryPoint\",\"urlTemplate\":\"https:\\\/\\\/ckcpr.fr\\\/?s={search_term_string}\"},\"query-input\":{\"@type\":\"PropertyValueSpecification\",\"valueRequired\":true,\"valueName\":\"search_term_string\"}}],\"inLanguage\":\"fr-FR\"},{\"@type\":\"Organization\",\"@id\":\"https:\\\/\\\/ckcpr.fr\\\/#organization\",\"name\":\"Cano\u00eb-Kayak Club de Pont-R\u00e9an\",\"url\":\"https:\\\/\\\/ckcpr.fr\\\/\",\"logo\":{\"@type\":\"ImageObject\",\"inLanguage\":\"fr-FR\",\"@id\":\"https:\\\/\\\/ckcpr.fr\\\/#\\\/schema\\\/logo\\\/image\\\/\",\"url\":\"https:\\\/\\\/ckcpr.fr\\\/wp-content\\\/uploads\\\/2022\\\/03\\\/cropped-cropped-Logo_ckcpr_horizontal.jpg\",\"contentUrl\":\"https:\\\/\\\/ckcpr.fr\\\/wp-content\\\/uploads\\\/2022\\\/03\\\/cropped-cropped-Logo_ckcpr_horizontal.jpg\",\"width\":468,\"height\":156,\"caption\":\"Cano\u00eb-Kayak Club de Pont-R\u00e9an\"},\"image\":{\"@id\":\"https:\\\/\\\/ckcpr.fr\\\/#\\\/schema\\\/logo\\\/image\\\/\"}}]}<\/script>\n<!-- \/ Yoast SEO plugin. -->","yoast_head_json":{"title":"Location \u00e0 Pont-R\u00e9an - Cano\u00eb-Kayak Club de Pont-R\u00e9an","description":"Location cano\u00eb, kayak, paddle... Pont-R\u00e9an d\u00e8s mai\u202f! D\u00e9part de la maison \u00e9clusi\u00e8re. Balades pour tous,en famille ou entre amis. R\u00e9servez votre aventure\u202f!","robots":{"index":"index","follow":"follow","max-snippet":"max-snippet:-1","max-image-preview":"max-image-preview:large","max-video-preview":"max-video-preview:-1"},"canonical":"https:\/\/ckcpr.fr\/location-a-pont-rean\/","og_locale":"fr_FR","og_type":"article","og_title":"Location \u00e0 Pont-R\u00e9an - Cano\u00eb-Kayak Club de Pont-R\u00e9an","og_description":"Location cano\u00eb, kayak, paddle... Pont-R\u00e9an d\u00e8s mai\u202f! D\u00e9part de la maison \u00e9clusi\u00e8re. Balades pour tous,en famille ou entre amis. R\u00e9servez votre aventure\u202f!","og_url":"https:\/\/ckcpr.fr\/location-a-pont-rean\/","og_site_name":"Cano\u00eb-Kayak Club de Pont-R\u00e9an","article_modified_time":"2026-04-13T16:39:04+00:00","og_image":[{"width":2560,"height":1439,"url":"https:\/\/ckcpr.fr\/wp-content\/uploads\/2022\/07\/Photos_ckcpr_classique-3-scaled.jpg","type":"image\/jpeg"}],"twitter_misc":{"Dur\u00e9e de lecture estim\u00e9e":"2 minutes"},"schema":{"@context":"https:\/\/schema.org","@graph":[{"@type":"WebPage","@id":"https:\/\/ckcpr.fr\/location-a-pont-rean\/","url":"https:\/\/ckcpr.fr\/location-a-pont-rean\/","name":"Location \u00e0 Pont-R\u00e9an - Cano\u00eb-Kayak Club de Pont-R\u00e9an","isPartOf":{"@id":"https:\/\/ckcpr.fr\/#website"},"primaryImageOfPage":{"@id":"https:\/\/ckcpr.fr\/location-a-pont-rean\/#primaryimage"},"image":{"@id":"https:\/\/ckcpr.fr\/location-a-pont-rean\/#primaryimage"},"thumbnailUrl":"https:\/\/ckcpr.fr\/wp-content\/uploads\/2022\/07\/Photos_ckcpr_classique-3-scaled.jpg","datePublished":"2022-01-27T11:03:31+00:00","dateModified":"2026-04-13T16:39:04+00:00","description":"Location cano\u00eb, kayak, paddle... Pont-R\u00e9an d\u00e8s mai\u202f! D\u00e9part de la maison \u00e9clusi\u00e8re. Balades pour tous,en famille ou entre amis. R\u00e9servez votre aventure\u202f!","breadcrumb":{"@id":"https:\/\/ckcpr.fr\/location-a-pont-rean\/#breadcrumb"},"inLanguage":"fr-FR","potentialAction":[{"@type":"ReadAction","target":["https:\/\/ckcpr.fr\/location-a-pont-rean\/"]}]},{"@type":"ImageObject","inLanguage":"fr-FR","@id":"https:\/\/ckcpr.fr\/location-a-pont-rean\/#primaryimage","url":"https:\/\/ckcpr.fr\/wp-content\/uploads\/2022\/07\/Photos_ckcpr_classique-3-scaled.jpg","contentUrl":"https:\/\/ckcpr.fr\/wp-content\/uploads\/2022\/07\/Photos_ckcpr_classique-3-scaled.jpg","width":2560,"height":1439},{"@type":"BreadcrumbList","@id":"https:\/\/ckcpr.fr\/location-a-pont-rean\/#breadcrumb","itemListElement":[{"@type":"ListItem","position":1,"name":"Accueil","item":"https:\/\/ckcpr.fr\/"},{"@type":"ListItem","position":2,"name":"Location \u00e0 Pont-R\u00e9an"}]},{"@type":"WebSite","@id":"https:\/\/ckcpr.fr\/#website","url":"https:\/\/ckcpr.fr\/","name":"Cano\u00eb-Kayak Club de Pont-R\u00e9an","description":"","publisher":{"@id":"https:\/\/ckcpr.fr\/#organization"},"potentialAction":[{"@type":"SearchAction","target":{"@type":"EntryPoint","urlTemplate":"https:\/\/ckcpr.fr\/?s={search_term_string}"},"query-input":{"@type":"PropertyValueSpecification","valueRequired":true,"valueName":"search_term_string"}}],"inLanguage":"fr-FR"},{"@type":"Organization","@id":"https:\/\/ckcpr.fr\/#organization","name":"Cano\u00eb-Kayak Club de Pont-R\u00e9an","url":"https:\/\/ckcpr.fr\/","logo":{"@type":"ImageObject","inLanguage":"fr-FR","@id":"https:\/\/ckcpr.fr\/#\/schema\/logo\/image\/","url":"https:\/\/ckcpr.fr\/wp-content\/uploads\/2022\/03\/cropped-cropped-Logo_ckcpr_horizontal.jpg","contentUrl":"https:\/\/ckcpr.fr\/wp-content\/uploads\/2022\/03\/cropped-cropped-Logo_ckcpr_horizontal.jpg","width":468,"height":156,"caption":"Cano\u00eb-Kayak Club de Pont-R\u00e9an"},"image":{"@id":"https:\/\/ckcpr.fr\/#\/schema\/logo\/image\/"}}]}},"_links":{"self":[{"href":"https:\/\/ckcpr.fr\/index.php\/wp-json\/wp\/v2\/pages\/2900","targetHints":{"allow":["GET"]}}],"collection":[{"href":"https:\/\/ckcpr.fr\/index.php\/wp-json\/wp\/v2\/pages"}],"about":[{"href":"https:\/\/ckcpr.fr\/index.php\/wp-json\/wp\/v2\/types\/page"}],"author":[{"embeddable":true,"href":"https:\/\/ckcpr.fr\/index.php\/wp-json\/wp\/v2\/users\/1"}],"replies":[{"embeddable":true,"href":"https:\/\/ckcpr.fr\/index.php\/wp-json\/wp\/v2\/comments?post=2900"}],"version-history":[{"count":244,"href":"https:\/\/ckcpr.fr\/index.php\/wp-json\/wp\/v2\/pages\/2900\/revisions"}],"predecessor-version":[{"id":15182,"href":"https:\/\/ckcpr.fr\/index.php\/wp-json\/wp\/v2\/pages\/2900\/revisions\/15182"}],"wp:featuredmedia":[{"embeddable":true,"href":"https:\/\/ckcpr.fr\/index.php\/wp-json\/wp\/v2\/media\/10480"}],"wp:attachment":[{"href":"https:\/\/ckcpr.fr\/index.php\/wp-json\/wp\/v2\/media?parent=2900"}],"curies":[{"name":"wp","href":"https:\/\/api.w.org\/{rel}","templated":true}]}}