{"id":3000,"date":"2022-02-12T21:33:37","date_gmt":"2022-02-12T20:33:37","guid":{"rendered":"https:\/\/ckcpr.fr\/?page_id=3000"},"modified":"2022-09-05T22:52:59","modified_gmt":"2022-09-05T20:52:59","slug":"conditions-generales-dadhesion","status":"publish","type":"page","link":"https:\/\/ckcpr.fr\/index.php\/conditions-generales-dadhesion\/","title":{"rendered":"Conditions G\u00e9n\u00e9rales d&rsquo;adh\u00e9sion"},"content":{"rendered":"\t\t<div data-elementor-type=\"wp-page\" data-elementor-id=\"3000\" class=\"elementor elementor-3000\">\n\t\t\t\t\t\t<section class=\"elementor-section elementor-top-section elementor-element elementor-element-b42c540 elementor-section-boxed elementor-section-height-default elementor-section-height-default\" data-id=\"b42c540\" data-element_type=\"section\" data-e-type=\"section\">\n\t\t\t\t\t\t<div class=\"elementor-container elementor-column-gap-default\">\n\t\t\t\t\t<div class=\"elementor-column elementor-col-100 elementor-top-column elementor-element elementor-element-0c65476\" data-id=\"0c65476\" data-element_type=\"column\" data-e-type=\"column\">\n\t\t\t<div class=\"elementor-widget-wrap elementor-element-populated\">\n\t\t\t\t\t\t<div class=\"elementor-element elementor-element-4297838 elementor-widget elementor-widget-spacer\" data-id=\"4297838\" data-element_type=\"widget\" data-e-type=\"widget\" data-widget_type=\"spacer.default\">\n\t\t\t\t<div class=\"elementor-widget-container\">\n\t\t\t\t\t\t\t<div class=\"elementor-spacer\">\n\t\t\t<div class=\"elementor-spacer-inner\"><\/div>\n\t\t<\/div>\n\t\t\t\t\t\t<\/div>\n\t\t\t\t<\/div>\n\t\t\t\t<div class=\"elementor-element elementor-element-45d9bbe elementor-widget elementor-widget-heading\" data-id=\"45d9bbe\" data-element_type=\"widget\" data-e-type=\"widget\" data-widget_type=\"heading.default\">\n\t\t\t\t<div class=\"elementor-widget-container\">\n\t\t\t\t\t<h2 class=\"elementor-heading-title elementor-size-default\">Conditions g\u00e9n\u00e9rales d'adh\u00e9sion adulte<\/h2>\t\t\t\t<\/div>\n\t\t\t\t<\/div>\n\t\t\t\t<div class=\"elementor-element elementor-element-244b8f2 elementor-widget elementor-widget-text-editor\" data-id=\"244b8f2\" data-element_type=\"widget\" data-e-type=\"widget\" data-widget_type=\"text-editor.default\">\n\t\t\t\t<div class=\"elementor-widget-container\">\n\t\t\t\t\t\t\t\t\t<p><b>Rappel important :<\/b> L&rsquo;auto-questionnaire de sant\u00e9 ou le certificat m\u00e9dical est obligatoire pour pouvoir participer au 1er cours. Il est \u00e9galement obligatoire pour naviguer en autonomie. Dans le cas contraire, vous ne serez pas admis. Prenons soin de vous et des autres. Il en va de la responsabilit\u00e9 du club et de ses adh\u00e9rents.<\/p>\t\t\t\t\t\t\t\t<\/div>\n\t\t\t\t<\/div>\n\t\t\t\t<div class=\"elementor-element elementor-element-8594114 elementor-widget elementor-widget-text-editor\" data-id=\"8594114\" data-element_type=\"widget\" data-e-type=\"widget\" data-widget_type=\"text-editor.default\">\n\t\t\t\t<div class=\"elementor-widget-container\">\n\t\t\t\t\t\t\t\t\tAUTORISATIONS\n<ul>\n \t<li>J&rsquo;atteste que je suis apte \u00e0 nager au moins 25 m\u00e8tres et \u00e0 m&rsquo;immerger.<\/li>\n \t<li>J\u2019autorise les responsables du CKCPR \u00e0 utiliser librement les photographies prises lors d\u2019un stage ou d\u2019une activit\u00e9 club, y compris la diffusion sur le site de l&rsquo;association www.ckcpr.fr conform\u00e9ment aux dispositions relatives au droit \u00e0 l\u2019image et au droit au nom.<\/li>\n \t<li>J&rsquo;autorise le repr\u00e9sentant du club \u00e0 prendre, le cas \u00e9ch\u00e9ant, toutes les mesures utiles pour une intervention m\u00e9dico-chirurgicale d&rsquo;urgence.<\/li>\n \t<li>Je prends acte du r\u00e8glement int\u00e9rieur et des statuts de l\u2019association (\u00e0 dis position au club et sur le site www.ckcpr.fr) et m\u2019engage \u00e0 les respecter.<\/li>\n \t<li>Je fournis une copie de mon dipl\u00f4me d&rsquo;initiateur, de monitorat ou du Brevet d\u2019\u00e9tat pour les titulaires.<\/li>\n<\/ul>\nRAPPEL:\n<ul>\n<li>L&rsquo;adh\u00e9rent peut exercer son droit d&rsquo;acc\u00e8s : Loi Informatique &amp; Libert\u00e9s.<\/li>\n<li>Il autorise la F.F.C.K \u00e0 utiliser ses coordonn\u00e9es dans le cadre de la loi.<\/li>\n<\/ul>\n\nENGAGEMENT\n<ul>\n \t<li>Entre mai et septembre nous assurons gr\u00e2ce aux b\u00e9n\u00e9voles de l&rsquo;association des locations saisonni\u00e8res \u00e0 Pont-R\u00e9an, notamment les samedi et dimanche apr\u00e8s-midi. Les recettes de ces locations permettent de financer de nombreux projets du club, d&rsquo;am\u00e9liorer notre mat\u00e9riel p\u00e9dagogique pour les jeunes et de continuer \u00e0 avoir notre mode de fonctionnement associatif \u00e0 tarifs accessibles avec notamment la possibilit\u00e9 pour les Adultes de venir naviguer de mani\u00e8re assez Libre. En contre partie de ces avantages, les permanences des WE ont besoin d&rsquo;\u00eatre assur\u00e9es par les adh\u00e9rents du club<\/li>\n \t<li>Aussi, lors de l&rsquo;inscription, vous vous engagez \u00e0 assurer, en fonction des besoins de l\u2019association, jusqu\u2019\u00e0 quatre demies\u2013journ\u00e9es de permanences au public ext\u00e9rieur (le week\u2013end de 14h \u00e0 19h \u00e0 partir du mois de mai). Un calendrier vous sera communiqu\u00e9 en cours d\u2019ann\u00e9e.<\/li>\n<\/ul>\t\t\t\t\t\t\t\t<\/div>\n\t\t\t\t<\/div>\n\t\t\t\t<div class=\"elementor-element elementor-element-537c203 elementor-widget elementor-widget-heading\" data-id=\"537c203\" data-element_type=\"widget\" data-e-type=\"widget\" data-widget_type=\"heading.default\">\n\t\t\t\t<div class=\"elementor-widget-container\">\n\t\t\t\t\t<h2 class=\"elementor-heading-title elementor-size-default\">Conditions g\u00e9n\u00e9rales d'adh\u00e9sion pour les jeunes<\/h2>\t\t\t\t<\/div>\n\t\t\t\t<\/div>\n\t\t\t\t<div class=\"elementor-element elementor-element-fb0cbb0 elementor-widget elementor-widget-text-editor\" data-id=\"fb0cbb0\" data-element_type=\"widget\" data-e-type=\"widget\" data-widget_type=\"text-editor.default\">\n\t\t\t\t<div class=\"elementor-widget-container\">\n\t\t\t\t\t\t\t\t\t<b>Rappel important :<\/b> L&rsquo;auto-questionnaire de sant\u00e9 ou le certificat m\u00e9dical est obligatoire pour pouvoir participer au 1er cours. Il est \u00e9galement obligatoire pour naviguer en autonomie. Dans le cas contraire, vous ne serez pas admis. Prenons soin de vous et des autres. Il en va de la responsabilit\u00e9 du club et de ses adh\u00e9rents.\t\t\t\t\t\t\t\t<\/div>\n\t\t\t\t<\/div>\n\t\t\t\t<div class=\"elementor-element elementor-element-04d14f0 elementor-widget elementor-widget-text-editor\" data-id=\"04d14f0\" data-element_type=\"widget\" data-e-type=\"widget\" data-widget_type=\"text-editor.default\">\n\t\t\t\t<div class=\"elementor-widget-container\">\n\t\t\t\t\t\t\t\t\tAUTORISATION PARENTALE :\n<ul>\n \t<li>J&rsquo;autorise mon fils, ma fille \u00e0 pratiquer le cano\u00eb et le kayak et ses disciplines associ\u00e9es, \u00e0 participer \u00e0 l\u2019ensemble des activit\u00e9s et sorties organis\u00e9es par le club, y compris celles n\u00e9cessitant l\u2019utilisation du v\u00e9hicule du club ou personnel d&rsquo;un membre du club ou d&rsquo;une tierce personne.<\/li>\n \t<li>J\u2019autorise les responsables du CKCPR \u00e0 utiliser librement les photographies prises lors d\u2019un stage ou d\u2019une activit\u00e9 club, y compris la diffusion sur le site de l&rsquo;association (www.ckcpr.fr) conform\u00e9ment aux dispositions relatives au droit \u00e0 l\u2019image et au droit au nom.<\/li>\n \t<li>Je fournis un brevet de natation de 25m (uniquement pour une premi\u00e8re inscription).<\/li>\n \t<li>J&rsquo;autorise, en cas d&rsquo;urgence, le m\u00e9decin consult\u00e9 \u00e0 pratiquer tout acte m\u00e9dical, chirurgical ou d&rsquo;anesth\u00e9sie que n\u00e9cessiterait l&rsquo;\u00e9tat de sant\u00e9 de l\u2019enfant. De m\u00eame, j\u2019autorise les responsables du Cano\u00eb Kayak Club de Pont-R\u00e9an \u00e0 faire sortir mon&lt; enfant de l\u2019h\u00f4pital ou de la clinique, apr\u00e8s avis m\u00e9dical favorable, en cas de besoin.<\/li>\n \t<li>Je prends acte du r\u00e8glement int\u00e9rieur de l\u2019association (\u00e0 disposition au club et sur le site www.ckcpr.fr) et m\u2019engage \u00e0 le faire respecter par mon enfant.<\/li>\n<\/ul>\nRAPPEL :\n<ul>\n \t<li>Les enfants sont \u00e0 la charge des parents en dehors des heures de s\u00e9ances.<\/li>\n \t<li>Pour des raisons de s\u00e9curit\u00e9, les mineurs ne sont pas autoris\u00e9s \u00e0 naviguer sans encadrement ou sans accompagnement (sauf d\u00e9rogation : cf. r\u00e8glement int\u00e9rieur).<\/li>\n \t<li>L&rsquo;adh\u00e9rent peut exercer son droit d&rsquo;acc\u00e8s : Loi Informatique &amp; Libert\u00e9s.<\/li>\n \t<li>Il autorise la F.F.C.K \u00e0 utiliser ses coordonn\u00e9es dans le cadre de la loi.<\/li>\n<\/ul>\n\n\nENGAGEMENT\n<ul>\n \t<li>Entre mai et septembre nous assurons gr\u00e2ce aux b\u00e9n\u00e9voles de l&rsquo;association des locations saisonni\u00e8res \u00e0 Pont-R\u00e9an, notamment les samedi et dimanche apr\u00e8s-midi. Les recettes de ces locations permettent de financer de nombreux projets du club, d&rsquo;am\u00e9liorer notre mat\u00e9riel p\u00e9dagogique pour les jeunes et de continuer \u00e0 avoir notre mode de fonctionnement associatif \u00e0 tarifs accessibles avec notamment la possibilit\u00e9 pour les Adultes de venir naviguer de mani\u00e8re assez Libre. En contre partie de ces avantages, les permanences des WE ont besoin d&rsquo;\u00eatre assur\u00e9es par les adh\u00e9rents du club<\/li>\n \t<li>Aussi, lors de l&rsquo;inscription, vous vous engagez \u00e0 assurer, en fonction des besoins de l\u2019association, jusqu\u2019\u00e0 quatre demies\u2013journ\u00e9es de permanences au public ext\u00e9rieur (le week\u2013end de 14h \u00e0 19h \u00e0 partir du mois de mai). Un calendrier vous sera communiqu\u00e9 en cours d\u2019ann\u00e9e.<\/li>\n<\/ul>\t\t\t\t\t\t\t\t<\/div>\n\t\t\t\t<\/div>\n\t\t\t\t\t<\/div>\n\t\t<\/div>\n\t\t\t\t\t<\/div>\n\t\t<\/section>\n\t\t\t\t<\/div>\n\t\t","protected":false},"excerpt":{"rendered":"<p>Conditions g\u00e9n\u00e9rales d&rsquo;adh\u00e9sion adulte Rappel important : L&rsquo;auto-questionnaire de sant\u00e9 ou le certificat m\u00e9dical est obligatoire pour pouvoir participer au 1er cours. Il est \u00e9galement obligatoire pour naviguer en autonomie. Dans le cas contraire, vous ne serez pas admis. Prenons soin de vous et des autres. Il en va de la responsabilit\u00e9 du club et [&hellip;]<\/p>\n","protected":false},"author":1,"featured_media":0,"parent":0,"menu_order":0,"comment_status":"closed","ping_status":"closed","template":"","meta":{"site-sidebar-layout":"no-sidebar","site-content-layout":"page-builder","ast-site-content-layout":"default","site-content-style":"default","site-sidebar-style":"default","ast-global-header-display":"","ast-banner-title-visibility":"","ast-main-header-display":"","ast-hfb-above-header-display":"","ast-hfb-below-header-display":"","ast-hfb-mobile-header-display":"","site-post-title":"disabled","ast-breadcrumbs-content":"","ast-featured-img":"disabled","footer-sml-layout":"","ast-disable-related-posts":"","theme-transparent-header-meta":"","adv-header-id-meta":"","stick-header-meta":"","header-above-stick-meta":"","header-main-stick-meta":"","header-below-stick-meta":"","astra-migrate-meta-layouts":"default","ast-page-background-enabled":"default","ast-page-background-meta":{"desktop":{"background-color":"","background-image":"","background-repeat":"repeat","background-position":"center center","background-size":"auto","background-attachment":"scroll","background-type":"","background-media":"","overlay-type":"","overlay-color":"","overlay-opacity":"","overlay-gradient":""},"tablet":{"background-color":"","background-image":"","background-repeat":"repeat","background-position":"center center","background-size":"auto","background-attachment":"scroll","background-type":"","background-media":"","overlay-type":"","overlay-color":"","overlay-opacity":"","overlay-gradient":""},"mobile":{"background-color":"","background-image":"","background-repeat":"repeat","background-position":"center center","background-size":"auto","background-attachment":"scroll","background-type":"","background-media":"","overlay-type":"","overlay-color":"","overlay-opacity":"","overlay-gradient":""}},"ast-content-background-meta":{"desktop":{"background-color":"var(--ast-global-color-5)","background-image":"","background-repeat":"repeat","background-position":"center center","background-size":"auto","background-attachment":"scroll","background-type":"","background-media":"","overlay-type":"","overlay-color":"","overlay-opacity":"","overlay-gradient":""},"tablet":{"background-color":"var(--ast-global-color-5)","background-image":"","background-repeat":"repeat","background-position":"center center","background-size":"auto","background-attachment":"scroll","background-type":"","background-media":"","overlay-type":"","overlay-color":"","overlay-opacity":"","overlay-gradient":""},"mobile":{"background-color":"var(--ast-global-color-5)","background-image":"","background-repeat":"repeat","background-position":"center center","background-size":"auto","background-attachment":"scroll","background-type":"","background-media":"","overlay-type":"","overlay-color":"","overlay-opacity":"","overlay-gradient":""}},"footnotes":""},"class_list":["post-3000","page","type-page","status-publish","hentry"],"yoast_head":"<!-- This site is optimized with the Yoast SEO plugin v27.4 - https:\/\/yoast.com\/product\/yoast-seo-wordpress\/ -->\n<title>Conditions G\u00e9n\u00e9rales d&#039;adh\u00e9sion - Cano\u00eb-Kayak Club de Pont-R\u00e9an<\/title>\n<meta name=\"robots\" content=\"index, follow, max-snippet:-1, max-image-preview:large, max-video-preview:-1\" \/>\n<link rel=\"canonical\" href=\"https:\/\/ckcpr.fr\/index.php\/conditions-generales-dadhesion\/\" \/>\n<meta property=\"og:locale\" content=\"fr_FR\" \/>\n<meta property=\"og:type\" content=\"article\" \/>\n<meta property=\"og:title\" content=\"Conditions G\u00e9n\u00e9rales d&#039;adh\u00e9sion - Cano\u00eb-Kayak Club de Pont-R\u00e9an\" \/>\n<meta property=\"og:description\" content=\"Conditions g\u00e9n\u00e9rales d&rsquo;adh\u00e9sion adulte Rappel important : L&rsquo;auto-questionnaire de sant\u00e9 ou le certificat m\u00e9dical est obligatoire pour pouvoir participer au 1er cours. Il est \u00e9galement obligatoire pour naviguer en autonomie. Dans le cas contraire, vous ne serez pas admis. Prenons soin de vous et des autres. Il en va de la responsabilit\u00e9 du club et [&hellip;]\" \/>\n<meta property=\"og:url\" content=\"https:\/\/ckcpr.fr\/index.php\/conditions-generales-dadhesion\/\" \/>\n<meta property=\"og:site_name\" content=\"Cano\u00eb-Kayak Club de Pont-R\u00e9an\" \/>\n<meta property=\"article:modified_time\" content=\"2022-09-05T20:52:59+00:00\" \/>\n<meta name=\"twitter:label1\" content=\"Dur\u00e9e de lecture estim\u00e9e\" \/>\n\t<meta name=\"twitter:data1\" content=\"4 minutes\" \/>\n<script type=\"application\/ld+json\" class=\"yoast-schema-graph\">{\"@context\":\"https:\\\/\\\/schema.org\",\"@graph\":[{\"@type\":\"WebPage\",\"@id\":\"https:\\\/\\\/ckcpr.fr\\\/index.php\\\/conditions-generales-dadhesion\\\/\",\"url\":\"https:\\\/\\\/ckcpr.fr\\\/index.php\\\/conditions-generales-dadhesion\\\/\",\"name\":\"Conditions G\u00e9n\u00e9rales d'adh\u00e9sion - Cano\u00eb-Kayak Club de Pont-R\u00e9an\",\"isPartOf\":{\"@id\":\"https:\\\/\\\/ckcpr.fr\\\/#website\"},\"datePublished\":\"2022-02-12T20:33:37+00:00\",\"dateModified\":\"2022-09-05T20:52:59+00:00\",\"breadcrumb\":{\"@id\":\"https:\\\/\\\/ckcpr.fr\\\/index.php\\\/conditions-generales-dadhesion\\\/#breadcrumb\"},\"inLanguage\":\"fr-FR\",\"potentialAction\":[{\"@type\":\"ReadAction\",\"target\":[\"https:\\\/\\\/ckcpr.fr\\\/index.php\\\/conditions-generales-dadhesion\\\/\"]}]},{\"@type\":\"BreadcrumbList\",\"@id\":\"https:\\\/\\\/ckcpr.fr\\\/index.php\\\/conditions-generales-dadhesion\\\/#breadcrumb\",\"itemListElement\":[{\"@type\":\"ListItem\",\"position\":1,\"name\":\"Accueil\",\"item\":\"https:\\\/\\\/ckcpr.fr\\\/\"},{\"@type\":\"ListItem\",\"position\":2,\"name\":\"Conditions G\u00e9n\u00e9rales d&#8217;adh\u00e9sion\"}]},{\"@type\":\"WebSite\",\"@id\":\"https:\\\/\\\/ckcpr.fr\\\/#website\",\"url\":\"https:\\\/\\\/ckcpr.fr\\\/\",\"name\":\"Cano\u00eb-Kayak Club de Pont-R\u00e9an\",\"description\":\"\",\"publisher\":{\"@id\":\"https:\\\/\\\/ckcpr.fr\\\/#organization\"},\"potentialAction\":[{\"@type\":\"SearchAction\",\"target\":{\"@type\":\"EntryPoint\",\"urlTemplate\":\"https:\\\/\\\/ckcpr.fr\\\/?s={search_term_string}\"},\"query-input\":{\"@type\":\"PropertyValueSpecification\",\"valueRequired\":true,\"valueName\":\"search_term_string\"}}],\"inLanguage\":\"fr-FR\"},{\"@type\":\"Organization\",\"@id\":\"https:\\\/\\\/ckcpr.fr\\\/#organization\",\"name\":\"Cano\u00eb-Kayak Club de Pont-R\u00e9an\",\"url\":\"https:\\\/\\\/ckcpr.fr\\\/\",\"logo\":{\"@type\":\"ImageObject\",\"inLanguage\":\"fr-FR\",\"@id\":\"https:\\\/\\\/ckcpr.fr\\\/#\\\/schema\\\/logo\\\/image\\\/\",\"url\":\"https:\\\/\\\/ckcpr.fr\\\/wp-content\\\/uploads\\\/2022\\\/03\\\/cropped-cropped-Logo_ckcpr_horizontal.jpg\",\"contentUrl\":\"https:\\\/\\\/ckcpr.fr\\\/wp-content\\\/uploads\\\/2022\\\/03\\\/cropped-cropped-Logo_ckcpr_horizontal.jpg\",\"width\":468,\"height\":156,\"caption\":\"Cano\u00eb-Kayak Club de Pont-R\u00e9an\"},\"image\":{\"@id\":\"https:\\\/\\\/ckcpr.fr\\\/#\\\/schema\\\/logo\\\/image\\\/\"}}]}<\/script>\n<!-- \/ Yoast SEO plugin. -->","yoast_head_json":{"title":"Conditions G\u00e9n\u00e9rales d'adh\u00e9sion - Cano\u00eb-Kayak Club de Pont-R\u00e9an","robots":{"index":"index","follow":"follow","max-snippet":"max-snippet:-1","max-image-preview":"max-image-preview:large","max-video-preview":"max-video-preview:-1"},"canonical":"https:\/\/ckcpr.fr\/index.php\/conditions-generales-dadhesion\/","og_locale":"fr_FR","og_type":"article","og_title":"Conditions G\u00e9n\u00e9rales d'adh\u00e9sion - Cano\u00eb-Kayak Club de Pont-R\u00e9an","og_description":"Conditions g\u00e9n\u00e9rales d&rsquo;adh\u00e9sion adulte Rappel important : L&rsquo;auto-questionnaire de sant\u00e9 ou le certificat m\u00e9dical est obligatoire pour pouvoir participer au 1er cours. Il est \u00e9galement obligatoire pour naviguer en autonomie. Dans le cas contraire, vous ne serez pas admis. Prenons soin de vous et des autres. Il en va de la responsabilit\u00e9 du club et [&hellip;]","og_url":"https:\/\/ckcpr.fr\/index.php\/conditions-generales-dadhesion\/","og_site_name":"Cano\u00eb-Kayak Club de Pont-R\u00e9an","article_modified_time":"2022-09-05T20:52:59+00:00","twitter_misc":{"Dur\u00e9e de lecture estim\u00e9e":"4 minutes"},"schema":{"@context":"https:\/\/schema.org","@graph":[{"@type":"WebPage","@id":"https:\/\/ckcpr.fr\/index.php\/conditions-generales-dadhesion\/","url":"https:\/\/ckcpr.fr\/index.php\/conditions-generales-dadhesion\/","name":"Conditions G\u00e9n\u00e9rales d'adh\u00e9sion - Cano\u00eb-Kayak Club de Pont-R\u00e9an","isPartOf":{"@id":"https:\/\/ckcpr.fr\/#website"},"datePublished":"2022-02-12T20:33:37+00:00","dateModified":"2022-09-05T20:52:59+00:00","breadcrumb":{"@id":"https:\/\/ckcpr.fr\/index.php\/conditions-generales-dadhesion\/#breadcrumb"},"inLanguage":"fr-FR","potentialAction":[{"@type":"ReadAction","target":["https:\/\/ckcpr.fr\/index.php\/conditions-generales-dadhesion\/"]}]},{"@type":"BreadcrumbList","@id":"https:\/\/ckcpr.fr\/index.php\/conditions-generales-dadhesion\/#breadcrumb","itemListElement":[{"@type":"ListItem","position":1,"name":"Accueil","item":"https:\/\/ckcpr.fr\/"},{"@type":"ListItem","position":2,"name":"Conditions G\u00e9n\u00e9rales d&#8217;adh\u00e9sion"}]},{"@type":"WebSite","@id":"https:\/\/ckcpr.fr\/#website","url":"https:\/\/ckcpr.fr\/","name":"Cano\u00eb-Kayak Club de Pont-R\u00e9an","description":"","publisher":{"@id":"https:\/\/ckcpr.fr\/#organization"},"potentialAction":[{"@type":"SearchAction","target":{"@type":"EntryPoint","urlTemplate":"https:\/\/ckcpr.fr\/?s={search_term_string}"},"query-input":{"@type":"PropertyValueSpecification","valueRequired":true,"valueName":"search_term_string"}}],"inLanguage":"fr-FR"},{"@type":"Organization","@id":"https:\/\/ckcpr.fr\/#organization","name":"Cano\u00eb-Kayak Club de Pont-R\u00e9an","url":"https:\/\/ckcpr.fr\/","logo":{"@type":"ImageObject","inLanguage":"fr-FR","@id":"https:\/\/ckcpr.fr\/#\/schema\/logo\/image\/","url":"https:\/\/ckcpr.fr\/wp-content\/uploads\/2022\/03\/cropped-cropped-Logo_ckcpr_horizontal.jpg","contentUrl":"https:\/\/ckcpr.fr\/wp-content\/uploads\/2022\/03\/cropped-cropped-Logo_ckcpr_horizontal.jpg","width":468,"height":156,"caption":"Cano\u00eb-Kayak Club de Pont-R\u00e9an"},"image":{"@id":"https:\/\/ckcpr.fr\/#\/schema\/logo\/image\/"}}]}},"_links":{"self":[{"href":"https:\/\/ckcpr.fr\/index.php\/wp-json\/wp\/v2\/pages\/3000","targetHints":{"allow":["GET"]}}],"collection":[{"href":"https:\/\/ckcpr.fr\/index.php\/wp-json\/wp\/v2\/pages"}],"about":[{"href":"https:\/\/ckcpr.fr\/index.php\/wp-json\/wp\/v2\/types\/page"}],"author":[{"embeddable":true,"href":"https:\/\/ckcpr.fr\/index.php\/wp-json\/wp\/v2\/users\/1"}],"replies":[{"embeddable":true,"href":"https:\/\/ckcpr.fr\/index.php\/wp-json\/wp\/v2\/comments?post=3000"}],"version-history":[{"count":0,"href":"https:\/\/ckcpr.fr\/index.php\/wp-json\/wp\/v2\/pages\/3000\/revisions"}],"wp:attachment":[{"href":"https:\/\/ckcpr.fr\/index.php\/wp-json\/wp\/v2\/media?parent=3000"}],"curies":[{"name":"wp","href":"https:\/\/api.w.org\/{rel}","templated":true}]}}