{"id":8814,"date":"2022-03-12T16:02:26","date_gmt":"2022-03-12T15:02:26","guid":{"rendered":"https:\/\/ckcpr.fr\/?page_id=8814"},"modified":"2025-07-12T15:21:42","modified_gmt":"2025-07-12T13:21:42","slug":"locations-saisonnieres","status":"publish","type":"page","link":"https:\/\/ckcpr.fr\/locations-saisonnieres\/","title":{"rendered":"Locations saisonni\u00e8res"},"content":{"rendered":"\t\t<div data-elementor-type=\"wp-page\" data-elementor-id=\"8814\" class=\"elementor elementor-8814\">\n\t\t\t\t\t\t<section class=\"elementor-section elementor-top-section elementor-element elementor-element-04febb3 elementor-section-stretched elementor-section-boxed elementor-section-height-default elementor-section-height-default\" data-id=\"04febb3\" data-element_type=\"section\" data-e-type=\"section\" data-settings=\"{&quot;background_background&quot;:&quot;classic&quot;,&quot;stretch_section&quot;:&quot;section-stretched&quot;}\">\n\t\t\t\t\t\t\t<div class=\"elementor-background-overlay\"><\/div>\n\t\t\t\t\t\t\t<div class=\"elementor-container elementor-column-gap-default\">\n\t\t\t\t\t<div class=\"elementor-column elementor-col-100 elementor-top-column elementor-element elementor-element-2d9be65\" data-id=\"2d9be65\" data-element_type=\"column\" data-e-type=\"column\">\n\t\t\t<div class=\"elementor-widget-wrap elementor-element-populated\">\n\t\t\t\t\t\t<div class=\"elementor-element elementor-element-b00b706 elementor-widget elementor-widget-heading\" data-id=\"b00b706\" data-element_type=\"widget\" data-e-type=\"widget\" data-widget_type=\"heading.default\">\n\t\t\t\t<div class=\"elementor-widget-container\">\n\t\t\t\t\t<h1 class=\"elementor-heading-title elementor-size-default\">Choisir un site de location<\/h1>\t\t\t\t<\/div>\n\t\t\t\t<\/div>\n\t\t\t\t<div class=\"elementor-element elementor-element-fdfefe1 elementor-widget elementor-widget-text-editor\" data-id=\"fdfefe1\" data-element_type=\"widget\" data-e-type=\"widget\" data-widget_type=\"text-editor.default\">\n\t\t\t\t<div class=\"elementor-widget-container\">\n\t\t\t\t\t\t\t\t\t<p>Durant la p\u00e9riode estivale en tant que particulier et en autonomie, venez louer un cano\u00eb, un kayak, un paddle, ou encore du mat\u00e9riel innovant comme notre paddle g\u00e9ant, pour d\u00e9couvrir \u00e0 votre rythme et sous un autre angle, les sites de la vall\u00e9e du Bo\u00ebl \u00e0 Pont-R\u00e9an (de mai \u00e0 septembre 2025) et celui de la Courbe \u00e0 Bourg-des-Comptes (en ao\u00fbt 2025 uniquement).<\/p>\t\t\t\t\t\t\t\t<\/div>\n\t\t\t\t<\/div>\n\t\t\t\t<div class=\"elementor-element elementor-element-9711a16 elementor-widget elementor-widget-ucaddon_content_grid2\" data-id=\"9711a16\" data-element_type=\"widget\" data-e-type=\"widget\" data-widget_type=\"ucaddon_content_grid2.default\">\n\t\t\t\t<div class=\"elementor-widget-container\">\n\t\t\t\t\t\n<!-- start Content Grid -->\n\t\t<link id='font-awesome-css' href='https:\/\/ckcpr.fr\/wp-content\/plugins\/unlimited-elements-for-elementor\/assets_libraries\/font-awesome6\/fontawesome-all.min.css' type='text\/css' rel='stylesheet' >\n\t\t<link id='font-awesome-4-shim-css' href='https:\/\/ckcpr.fr\/wp-content\/plugins\/unlimited-elements-for-elementor\/assets_libraries\/font-awesome6\/fontawesome-v4-shims.min.css' type='text\/css' rel='stylesheet' >\n\n<style>\/* widget: Content Grid *\/\n\n#uc_content_grid2_elementor_9711a16 a.uc_more_btn{\n\ttext-align: center;\n\ttransition: all 0.25s ease-in-out;\n}\n\n#uc_content_grid2_elementor_9711a16 * {\n\tbox-sizing: border-box;\t\n}\n#uc_content_grid2_elementor_9711a16 .uc_post_grid_style_one_wrap {\n\tdisplay: grid;\n}\n\n#uc_content_grid2_elementor_9711a16 .uc_post_grid_style_one_image {\n\twidth: 100%;\n\toverflow: hidden;\n\tdisplay: block;\n  \t\n}\n#uc_content_grid2_elementor_9711a16 .uc_post_image {\n\twidth: inherit;\n\theight: inherit;\n\tbackground-size: cover;\n\tbackground-position: center center;\n\tbackground-repeat: no-repeat;\n\tdisplay: block;\n\ttransition: all 0.25s ease-in-out;\n}\n#uc_content_grid2_elementor_9711a16 .uc_post_grid_style_one_item:hover .uc_post_image {\n\ttransform: scale(1.1);\n}\n\n#uc_content_grid2_elementor_9711a16 .ue-item\n{\n  position:relative;\n  overflow:hidden;\n}\n\n#uc_content_grid2_elementor_9711a16 .ue-item-title\n{\n  width:100%;\n}\n\n#uc_content_grid2_elementor_9711a16 .ue-item-text\n{\n  width:100%;\n}\n\n#uc_content_grid2_elementor_9711a16 .uc_content\n{\n  display:flex;\n  flex-direction:column;\n}\n\n#uc_content_grid2_elementor_9711a16 .ue-content-wrapper\n{\n  width:100%;\n}\n\n#uc_content_grid2_elementor_9711a16 .ue-button\n{\n  margin-top:auto;\n}\n\n#uc_content_grid2_elementor_9711a16 .ue-button\n{\n  width:100%;\n}\n\n\n\n\n\n\n\n<\/style>\n\n<div class=\"uc_post_grid_style_one\" id=\"uc_content_grid2_elementor_9711a16\" >\n\t\t<div class=\"uc_post_grid_style_one_wrap\">\n\t\t\t<div class=\"uc_post_grid_style_one_item ue-item\">\n  <a class=\"uc_post_grid_style_one_image\" href=\"\" ><div class=\"uc_post_image\" style=\"background-image: url(https:\/\/ckcpr.fr\/wp-content\/uploads\/2025\/04\/DSC_9686-scaled.jpg);\"><\/div><\/a>\n  <div class=\"uc_content padding\">\n    <div class=\"ue-content-wrapper\">\n      <div class=\"ue-item-title\"><a href=\"\" >Location \u00e0 Pont-R\u00e9an (\u00e0 c\u00f4t\u00e9 de la maison \u00e9clusi\u00e8re)<\/a><\/div>\n      <div class=\"ue-item-text\"><\/div>\n    <\/div>\n    <div class=\"uc_post_grid_style_one_button ue-button\"><a class=\"uc_more_btn\" href=\"https:\/\/ckcpr.fr\/location-a-pont-rean\" >Voir nos tarifs et r\u00e9server<\/a><\/div>\n  <\/div>\n<\/div>\n<div class=\"uc_post_grid_style_one_item ue-item\">\n  <a class=\"uc_post_grid_style_one_image\" href=\"\" ><div class=\"uc_post_image\" style=\"background-image: url(https:\/\/ckcpr.fr\/wp-content\/uploads\/2024\/03\/image2-1.jpeg);\"><\/div><\/a>\n  <div class=\"uc_content padding\">\n    <div class=\"ue-content-wrapper\">\n      <div class=\"ue-item-title\"><a href=\"\" >Location \u00e0 Bourg-des-Comptes (sur le site de la Courbe, en face du restaurant La Courbe)<\/a><\/div>\n      <div class=\"ue-item-text\"><\/div>\n    <\/div>\n    <div class=\"uc_post_grid_style_one_button ue-button\"><a class=\"uc_more_btn\" href=\"https:\/\/ckcpr.fr\/location-bourg-des-comptes\/\" >Voir nos tarifs et r\u00e9server<\/a><\/div>\n  <\/div>\n<\/div>\n\n\t\t<\/div>\n\t<\/div>\n<!-- end Content Grid -->\t\t\t\t<\/div>\n\t\t\t\t<\/div>\n\t\t\t\t\t<\/div>\n\t\t<\/div>\n\t\t\t\t\t<\/div>\n\t\t<\/section>\n\t\t\t\t<\/div>\n\t\t","protected":false},"excerpt":{"rendered":"<p>Choisir un site de location Durant la p\u00e9riode estivale en tant que particulier et en autonomie, venez louer un cano\u00eb, un kayak, un paddle, ou encore du mat\u00e9riel innovant comme notre paddle g\u00e9ant, pour d\u00e9couvrir \u00e0 votre rythme et sous un autre angle, les sites de la vall\u00e9e du Bo\u00ebl \u00e0 Pont-R\u00e9an (de mai \u00e0 [&hellip;]<\/p>\n","protected":false},"author":11,"featured_media":0,"parent":0,"menu_order":0,"comment_status":"closed","ping_status":"closed","template":"","meta":{"site-sidebar-layout":"no-sidebar","site-content-layout":"page-builder","ast-site-content-layout":"full-width-container","site-content-style":"unboxed","site-sidebar-style":"unboxed","ast-global-header-display":"","ast-banner-title-visibility":"","ast-main-header-display":"","ast-hfb-above-header-display":"","ast-hfb-below-header-display":"","ast-hfb-mobile-header-display":"","site-post-title":"disabled","ast-breadcrumbs-content":"","ast-featured-img":"disabled","footer-sml-layout":"","ast-disable-related-posts":"","theme-transparent-header-meta":"","adv-header-id-meta":"","stick-header-meta":"","header-above-stick-meta":"","header-main-stick-meta":"","header-below-stick-meta":"","astra-migrate-meta-layouts":"set","ast-page-background-enabled":"default","ast-page-background-meta":{"desktop":{"background-color":"","background-image":"","background-repeat":"repeat","background-position":"center center","background-size":"auto","background-attachment":"scroll","background-type":"","background-media":"","overlay-type":"","overlay-color":"","overlay-opacity":"","overlay-gradient":""},"tablet":{"background-color":"","background-image":"","background-repeat":"repeat","background-position":"center center","background-size":"auto","background-attachment":"scroll","background-type":"","background-media":"","overlay-type":"","overlay-color":"","overlay-opacity":"","overlay-gradient":""},"mobile":{"background-color":"","background-image":"","background-repeat":"repeat","background-position":"center center","background-size":"auto","background-attachment":"scroll","background-type":"","background-media":"","overlay-type":"","overlay-color":"","overlay-opacity":"","overlay-gradient":""}},"ast-content-background-meta":{"desktop":{"background-color":"var(--ast-global-color-5)","background-image":"","background-repeat":"repeat","background-position":"center center","background-size":"auto","background-attachment":"scroll","background-type":"","background-media":"","overlay-type":"","overlay-color":"","overlay-opacity":"","overlay-gradient":""},"tablet":{"background-color":"var(--ast-global-color-5)","background-image":"","background-repeat":"repeat","background-position":"center center","background-size":"auto","background-attachment":"scroll","background-type":"","background-media":"","overlay-type":"","overlay-color":"","overlay-opacity":"","overlay-gradient":""},"mobile":{"background-color":"var(--ast-global-color-5)","background-image":"","background-repeat":"repeat","background-position":"center center","background-size":"auto","background-attachment":"scroll","background-type":"","background-media":"","overlay-type":"","overlay-color":"","overlay-opacity":"","overlay-gradient":""}},"footnotes":""},"class_list":["post-8814","page","type-page","status-publish","hentry"],"yoast_head":"<!-- This site is optimized with the Yoast SEO plugin v27.4 - https:\/\/yoast.com\/product\/yoast-seo-wordpress\/ -->\n<title>Locations saisonni\u00e8res - Cano\u00eb-Kayak Club de Pont-R\u00e9an<\/title>\n<meta name=\"robots\" content=\"index, follow, max-snippet:-1, max-image-preview:large, max-video-preview:-1\" \/>\n<link rel=\"canonical\" href=\"https:\/\/ckcpr.fr\/locations-saisonnieres\/\" \/>\n<meta property=\"og:locale\" content=\"fr_FR\" \/>\n<meta property=\"og:type\" content=\"article\" \/>\n<meta property=\"og:title\" content=\"Locations saisonni\u00e8res - Cano\u00eb-Kayak Club de Pont-R\u00e9an\" \/>\n<meta property=\"og:description\" content=\"Choisir un site de location Durant la p\u00e9riode estivale en tant que particulier et en autonomie, venez louer un cano\u00eb, un kayak, un paddle, ou encore du mat\u00e9riel innovant comme notre paddle g\u00e9ant, pour d\u00e9couvrir \u00e0 votre rythme et sous un autre angle, les sites de la vall\u00e9e du Bo\u00ebl \u00e0 Pont-R\u00e9an (de mai \u00e0 [&hellip;]\" \/>\n<meta property=\"og:url\" content=\"https:\/\/ckcpr.fr\/locations-saisonnieres\/\" \/>\n<meta property=\"og:site_name\" content=\"Cano\u00eb-Kayak Club de Pont-R\u00e9an\" \/>\n<meta property=\"article:modified_time\" content=\"2025-07-12T13:21:42+00:00\" \/>\n<meta name=\"twitter:label1\" content=\"Dur\u00e9e de lecture estim\u00e9e\" \/>\n\t<meta name=\"twitter:data1\" content=\"1 minute\" \/>\n<script type=\"application\/ld+json\" class=\"yoast-schema-graph\">{\"@context\":\"https:\\\/\\\/schema.org\",\"@graph\":[{\"@type\":\"WebPage\",\"@id\":\"https:\\\/\\\/ckcpr.fr\\\/locations-saisonnieres\\\/\",\"url\":\"https:\\\/\\\/ckcpr.fr\\\/locations-saisonnieres\\\/\",\"name\":\"Locations saisonni\u00e8res - Cano\u00eb-Kayak Club de Pont-R\u00e9an\",\"isPartOf\":{\"@id\":\"https:\\\/\\\/ckcpr.fr\\\/#website\"},\"datePublished\":\"2022-03-12T15:02:26+00:00\",\"dateModified\":\"2025-07-12T13:21:42+00:00\",\"breadcrumb\":{\"@id\":\"https:\\\/\\\/ckcpr.fr\\\/locations-saisonnieres\\\/#breadcrumb\"},\"inLanguage\":\"fr-FR\",\"potentialAction\":[{\"@type\":\"ReadAction\",\"target\":[\"https:\\\/\\\/ckcpr.fr\\\/locations-saisonnieres\\\/\"]}]},{\"@type\":\"BreadcrumbList\",\"@id\":\"https:\\\/\\\/ckcpr.fr\\\/locations-saisonnieres\\\/#breadcrumb\",\"itemListElement\":[{\"@type\":\"ListItem\",\"position\":1,\"name\":\"Accueil\",\"item\":\"https:\\\/\\\/ckcpr.fr\\\/\"},{\"@type\":\"ListItem\",\"position\":2,\"name\":\"Locations saisonni\u00e8res\"}]},{\"@type\":\"WebSite\",\"@id\":\"https:\\\/\\\/ckcpr.fr\\\/#website\",\"url\":\"https:\\\/\\\/ckcpr.fr\\\/\",\"name\":\"Cano\u00eb-Kayak Club de Pont-R\u00e9an\",\"description\":\"\",\"publisher\":{\"@id\":\"https:\\\/\\\/ckcpr.fr\\\/#organization\"},\"potentialAction\":[{\"@type\":\"SearchAction\",\"target\":{\"@type\":\"EntryPoint\",\"urlTemplate\":\"https:\\\/\\\/ckcpr.fr\\\/?s={search_term_string}\"},\"query-input\":{\"@type\":\"PropertyValueSpecification\",\"valueRequired\":true,\"valueName\":\"search_term_string\"}}],\"inLanguage\":\"fr-FR\"},{\"@type\":\"Organization\",\"@id\":\"https:\\\/\\\/ckcpr.fr\\\/#organization\",\"name\":\"Cano\u00eb-Kayak Club de Pont-R\u00e9an\",\"url\":\"https:\\\/\\\/ckcpr.fr\\\/\",\"logo\":{\"@type\":\"ImageObject\",\"inLanguage\":\"fr-FR\",\"@id\":\"https:\\\/\\\/ckcpr.fr\\\/#\\\/schema\\\/logo\\\/image\\\/\",\"url\":\"https:\\\/\\\/ckcpr.fr\\\/wp-content\\\/uploads\\\/2022\\\/03\\\/cropped-cropped-Logo_ckcpr_horizontal.jpg\",\"contentUrl\":\"https:\\\/\\\/ckcpr.fr\\\/wp-content\\\/uploads\\\/2022\\\/03\\\/cropped-cropped-Logo_ckcpr_horizontal.jpg\",\"width\":468,\"height\":156,\"caption\":\"Cano\u00eb-Kayak Club de Pont-R\u00e9an\"},\"image\":{\"@id\":\"https:\\\/\\\/ckcpr.fr\\\/#\\\/schema\\\/logo\\\/image\\\/\"}}]}<\/script>\n<!-- \/ Yoast SEO plugin. -->","yoast_head_json":{"title":"Locations saisonni\u00e8res - Cano\u00eb-Kayak Club de Pont-R\u00e9an","robots":{"index":"index","follow":"follow","max-snippet":"max-snippet:-1","max-image-preview":"max-image-preview:large","max-video-preview":"max-video-preview:-1"},"canonical":"https:\/\/ckcpr.fr\/locations-saisonnieres\/","og_locale":"fr_FR","og_type":"article","og_title":"Locations saisonni\u00e8res - Cano\u00eb-Kayak Club de Pont-R\u00e9an","og_description":"Choisir un site de location Durant la p\u00e9riode estivale en tant que particulier et en autonomie, venez louer un cano\u00eb, un kayak, un paddle, ou encore du mat\u00e9riel innovant comme notre paddle g\u00e9ant, pour d\u00e9couvrir \u00e0 votre rythme et sous un autre angle, les sites de la vall\u00e9e du Bo\u00ebl \u00e0 Pont-R\u00e9an (de mai \u00e0 [&hellip;]","og_url":"https:\/\/ckcpr.fr\/locations-saisonnieres\/","og_site_name":"Cano\u00eb-Kayak Club de Pont-R\u00e9an","article_modified_time":"2025-07-12T13:21:42+00:00","twitter_misc":{"Dur\u00e9e de lecture estim\u00e9e":"1 minute"},"schema":{"@context":"https:\/\/schema.org","@graph":[{"@type":"WebPage","@id":"https:\/\/ckcpr.fr\/locations-saisonnieres\/","url":"https:\/\/ckcpr.fr\/locations-saisonnieres\/","name":"Locations saisonni\u00e8res - Cano\u00eb-Kayak Club de Pont-R\u00e9an","isPartOf":{"@id":"https:\/\/ckcpr.fr\/#website"},"datePublished":"2022-03-12T15:02:26+00:00","dateModified":"2025-07-12T13:21:42+00:00","breadcrumb":{"@id":"https:\/\/ckcpr.fr\/locations-saisonnieres\/#breadcrumb"},"inLanguage":"fr-FR","potentialAction":[{"@type":"ReadAction","target":["https:\/\/ckcpr.fr\/locations-saisonnieres\/"]}]},{"@type":"BreadcrumbList","@id":"https:\/\/ckcpr.fr\/locations-saisonnieres\/#breadcrumb","itemListElement":[{"@type":"ListItem","position":1,"name":"Accueil","item":"https:\/\/ckcpr.fr\/"},{"@type":"ListItem","position":2,"name":"Locations saisonni\u00e8res"}]},{"@type":"WebSite","@id":"https:\/\/ckcpr.fr\/#website","url":"https:\/\/ckcpr.fr\/","name":"Cano\u00eb-Kayak Club de Pont-R\u00e9an","description":"","publisher":{"@id":"https:\/\/ckcpr.fr\/#organization"},"potentialAction":[{"@type":"SearchAction","target":{"@type":"EntryPoint","urlTemplate":"https:\/\/ckcpr.fr\/?s={search_term_string}"},"query-input":{"@type":"PropertyValueSpecification","valueRequired":true,"valueName":"search_term_string"}}],"inLanguage":"fr-FR"},{"@type":"Organization","@id":"https:\/\/ckcpr.fr\/#organization","name":"Cano\u00eb-Kayak Club de Pont-R\u00e9an","url":"https:\/\/ckcpr.fr\/","logo":{"@type":"ImageObject","inLanguage":"fr-FR","@id":"https:\/\/ckcpr.fr\/#\/schema\/logo\/image\/","url":"https:\/\/ckcpr.fr\/wp-content\/uploads\/2022\/03\/cropped-cropped-Logo_ckcpr_horizontal.jpg","contentUrl":"https:\/\/ckcpr.fr\/wp-content\/uploads\/2022\/03\/cropped-cropped-Logo_ckcpr_horizontal.jpg","width":468,"height":156,"caption":"Cano\u00eb-Kayak Club de Pont-R\u00e9an"},"image":{"@id":"https:\/\/ckcpr.fr\/#\/schema\/logo\/image\/"}}]}},"_links":{"self":[{"href":"https:\/\/ckcpr.fr\/index.php\/wp-json\/wp\/v2\/pages\/8814","targetHints":{"allow":["GET"]}}],"collection":[{"href":"https:\/\/ckcpr.fr\/index.php\/wp-json\/wp\/v2\/pages"}],"about":[{"href":"https:\/\/ckcpr.fr\/index.php\/wp-json\/wp\/v2\/types\/page"}],"author":[{"embeddable":true,"href":"https:\/\/ckcpr.fr\/index.php\/wp-json\/wp\/v2\/users\/11"}],"replies":[{"embeddable":true,"href":"https:\/\/ckcpr.fr\/index.php\/wp-json\/wp\/v2\/comments?post=8814"}],"version-history":[{"count":91,"href":"https:\/\/ckcpr.fr\/index.php\/wp-json\/wp\/v2\/pages\/8814\/revisions"}],"predecessor-version":[{"id":14839,"href":"https:\/\/ckcpr.fr\/index.php\/wp-json\/wp\/v2\/pages\/8814\/revisions\/14839"}],"wp:attachment":[{"href":"https:\/\/ckcpr.fr\/index.php\/wp-json\/wp\/v2\/media?parent=8814"}],"curies":[{"name":"wp","href":"https:\/\/api.w.org\/{rel}","templated":true}]}}